{"id":982,"date":"2020-08-20T17:54:36","date_gmt":"2020-08-20T23:54:36","guid":{"rendered":"https:\/\/medicinasupplies.com\/?post_type=product&#038;p=982"},"modified":"2024-02-11T13:20:12","modified_gmt":"2024-02-11T19:20:12","slug":"doppler-fetal-3-0-mhz","status":"publish","type":"product","link":"https:\/\/medicinasupplies.com\/index.php\/producto\/doppler-fetal-3-0-mhz\/","title":{"rendered":"Doppler Fetal 3.0 MHz"},"content":{"rendered":"<p>El doppler fetal\u00a0es una unidad obst\u00e9trica de mano, que puede utilizarse en el hospital y la cl\u00ednica. Est\u00e1 equipado con una pantalla LED en color de alta definici\u00f3n completa.<\/p>\n<p><strong>\u00a0<\/strong><strong>Caracter\u00edstica f\u00edsica:<\/strong><\/p>\n<ul>\n<li>Port\u00e1til<\/li>\n<li>F\u00e1cil de usar<\/li>\n<li>Detecci\u00f3n precisa de FC con sonido claro<\/li>\n<li>Indicador de estado de la bater\u00eda<\/li>\n<li>Interfaz de pantalla dual: interfaz de pantalla digital, interfaz de pantalla curva, puede ver la curva de movimiento fetal.<\/li>\n<\/ul>\n<p><strong>Especificaci\u00f3n:<\/strong><\/p>\n<ul>\n<li>Tama\u00f1o: 135 X 60 X 30 mm<\/li>\n<li>Peso: 176 g<\/li>\n<li>Frecuencia de trabajo: 3,0 MHz<\/li>\n<li>Utiliza baterias AA (No incluidas)<\/li>\n<\/ul>\n<p>&nbsp;<\/p>\n<p>&nbsp;<\/p>\n","protected":false},"excerpt":{"rendered":"<p>El doppler fetal\u00a0es una unidad obst\u00e9trica de mano, que puede utilizarse en el hospital y la cl\u00ednica. Est\u00e1 equipado con una pantalla LED en color de alta definici\u00f3n completa. \u00a0Caracter\u00edstica f\u00edsica: Port\u00e1til F\u00e1cil de usar Detecci\u00f3n precisa de FC con sonido claro Indicador de estado de la bater\u00eda Interfaz de pantalla dual: interfaz de pantalla [&hellip;]<\/p>\n","protected":false},"featured_media":1892,"template":"","meta":{"_joinchat":[],"jetpack_publicize_message":"","jetpack_publicize_feature_enabled":true,"jetpack_social_post_already_shared":true,"jetpack_social_options":{"image_generator_settings":{"template":"highway","enabled":false}}},"product_cat":[241,177],"product_tag":[242,243,126],"jetpack_publicize_connections":[],"jetpack_sharing_enabled":true,"_links":{"self":[{"href":"https:\/\/medicinasupplies.com\/index.php\/wp-json\/wp\/v3\/product\/982"}],"collection":[{"href":"https:\/\/medicinasupplies.com\/index.php\/wp-json\/wp\/v3\/product"}],"about":[{"href":"https:\/\/medicinasupplies.com\/index.php\/wp-json\/wp\/v2\/types\/product"}],"wp:featuredmedia":[{"embeddable":true,"href":"https:\/\/medicinasupplies.com\/index.php\/wp-json\/wp\/v2\/media\/1892"}],"wp:attachment":[{"href":"https:\/\/medicinasupplies.com\/index.php\/wp-json\/wp\/v2\/media?parent=982"}],"wp:term":[{"taxonomy":"product_cat","embeddable":true,"href":"https:\/\/medicinasupplies.com\/index.php\/wp-json\/wp\/v2\/product_cat?post=982"},{"taxonomy":"product_tag","embeddable":true,"href":"https:\/\/medicinasupplies.com\/index.php\/wp-json\/wp\/v2\/product_tag?post=982"}],"curies":[{"name":"wp","href":"https:\/\/api.w.org\/{rel}","templated":true}]}}