{"id":879,"date":"2020-07-23T20:24:57","date_gmt":"2020-07-24T02:24:57","guid":{"rendered":"https:\/\/medicinasupplies.com\/?post_type=product&#038;p=879"},"modified":"2024-02-11T13:22:24","modified_gmt":"2024-02-11T19:22:24","slug":"espirometro","status":"publish","type":"product","link":"https:\/\/medicinasupplies.com\/index.php\/producto\/espirometro\/","title":{"rendered":"Ejercitador Pulmonar de 3 niveles"},"content":{"rendered":"<p>El espir\u00f3metro es \u00fatil para los entrenamientos y restauraci\u00f3n de la funci\u00f3n respiratoria normal en los pacientes con compromiso de la v\u00eda a\u00e9rea.<\/p>\n<p>&nbsp;<\/p>\n<p><strong>Un espir\u00f3metro es importante porque puede ayudar a:<\/strong><\/p>\n<ul>\n<li>Abrir sus v\u00edas a\u00e9reas y facilitar la respiraci\u00f3n.<\/li>\n<li>Prevenir acumulaci\u00f3n del l\u00edquido y del moco en la v\u00eda a\u00e9rea.<\/li>\n<li>Mejorar su respiraci\u00f3n despu\u00e9s de que usted haya tenido cirug\u00eda o proceso infeccioso.<\/li>\n<li>Manejar los s\u00edntomas de la enfermedad pulmonar.<\/li>\n<li>Mantener sus v\u00edas a\u00e9reas activas<\/li>\n<\/ul>\n","protected":false},"excerpt":{"rendered":"<p>Espir\u00f3metro pl\u00e1stico de 3 bolas.<\/p>\n","protected":false},"featured_media":882,"template":"","meta":{"_joinchat":[],"jetpack_publicize_message":"Espir\u00f3metro","jetpack_publicize_feature_enabled":true,"jetpack_social_post_already_shared":true,"jetpack_social_options":{"image_generator_settings":{"template":"highway","enabled":false}}},"product_cat":[177,212],"product_tag":[213,215,214],"jetpack_publicize_connections":[],"jetpack_sharing_enabled":true,"_links":{"self":[{"href":"https:\/\/medicinasupplies.com\/index.php\/wp-json\/wp\/v3\/product\/879"}],"collection":[{"href":"https:\/\/medicinasupplies.com\/index.php\/wp-json\/wp\/v3\/product"}],"about":[{"href":"https:\/\/medicinasupplies.com\/index.php\/wp-json\/wp\/v2\/types\/product"}],"wp:featuredmedia":[{"embeddable":true,"href":"https:\/\/medicinasupplies.com\/index.php\/wp-json\/wp\/v2\/media\/882"}],"wp:attachment":[{"href":"https:\/\/medicinasupplies.com\/index.php\/wp-json\/wp\/v2\/media?parent=879"}],"wp:term":[{"taxonomy":"product_cat","embeddable":true,"href":"https:\/\/medicinasupplies.com\/index.php\/wp-json\/wp\/v2\/product_cat?post=879"},{"taxonomy":"product_tag","embeddable":true,"href":"https:\/\/medicinasupplies.com\/index.php\/wp-json\/wp\/v2\/product_tag?post=879"}],"curies":[{"name":"wp","href":"https:\/\/api.w.org\/{rel}","templated":true}]}}