{"id":870,"date":"2020-07-23T19:48:49","date_gmt":"2020-07-24T01:48:49","guid":{"rendered":"https:\/\/medicinasupplies.com\/?post_type=product&#038;p=870"},"modified":"2024-02-11T13:22:48","modified_gmt":"2024-02-11T19:22:48","slug":"bolso-de-lona-de-pierna","status":"publish","type":"product","link":"https:\/\/medicinasupplies.com\/index.php\/producto\/bolso-de-lona-de-pierna\/","title":{"rendered":"Bolso de Lona de Pierna"},"content":{"rendered":"<p>Tama\u00f1o: 9.0 x 12.6 x 2.4 pulgadas<\/p>\n<p>Dise\u00f1o con m\u00faltiples bolsillos para guardar todos tus implementos m\u00e9dicos de uso diario,<br \/>\nCon dos correas ajustables, una para la cintura y otra para la pierna, adecuada tanto para hombres como para mujeres.<br \/>\n*No incluye implementos m\u00e9dicos.<\/p>\n","protected":false},"excerpt":{"rendered":"<p>Piernera de Lona en color negro.<\/p>\n","protected":false},"featured_media":1906,"template":"","meta":{"_joinchat":[],"jetpack_publicize_message":"Bolso de Lona de Pierna","jetpack_publicize_feature_enabled":true,"jetpack_social_post_already_shared":true,"jetpack_social_options":{"image_generator_settings":{"template":"highway","enabled":false}}},"product_cat":[208],"product_tag":[211,103,172,210,209],"jetpack_publicize_connections":[],"jetpack_sharing_enabled":true,"_links":{"self":[{"href":"https:\/\/medicinasupplies.com\/index.php\/wp-json\/wp\/v3\/product\/870"}],"collection":[{"href":"https:\/\/medicinasupplies.com\/index.php\/wp-json\/wp\/v3\/product"}],"about":[{"href":"https:\/\/medicinasupplies.com\/index.php\/wp-json\/wp\/v2\/types\/product"}],"wp:featuredmedia":[{"embeddable":true,"href":"https:\/\/medicinasupplies.com\/index.php\/wp-json\/wp\/v2\/media\/1906"}],"wp:attachment":[{"href":"https:\/\/medicinasupplies.com\/index.php\/wp-json\/wp\/v2\/media?parent=870"}],"wp:term":[{"taxonomy":"product_cat","embeddable":true,"href":"https:\/\/medicinasupplies.com\/index.php\/wp-json\/wp\/v2\/product_cat?post=870"},{"taxonomy":"product_tag","embeddable":true,"href":"https:\/\/medicinasupplies.com\/index.php\/wp-json\/wp\/v2\/product_tag?post=870"}],"curies":[{"name":"wp","href":"https:\/\/api.w.org\/{rel}","templated":true}]}}