{"id":643,"date":"2020-07-16T12:37:14","date_gmt":"2020-07-16T18:37:14","guid":{"rendered":"https:\/\/medicinasupplies.com\/?post_type=product&#038;p=643"},"modified":"2024-02-11T14:47:17","modified_gmt":"2024-02-11T20:47:17","slug":"oximetro-finger-tip-dual-color","status":"publish","type":"product","link":"https:\/\/medicinasupplies.com\/index.php\/producto\/oximetro-finger-tip-dual-color\/","title":{"rendered":"Ox\u00edmetro Finger Tip Dual Color"},"content":{"rendered":"<p>Preciso como pulsiox\u00edmetro en el \u00e1mbito hospitalario y domiciliar.<\/p>\n<p>Este ox\u00edmetro de pulso est\u00e1 dise\u00f1ado para proporcionar una manera f\u00e1cil y precisa de verificar los niveles de saturaci\u00f3n sangu\u00edneos de ox\u00edgeno, la frecuencia de pulso y el \u00edndice de perfusi\u00f3n.<\/p>\n<p>Caracter\u00edsticas:<\/p>\n<ul>\n<li>Pantalla LED dual color<\/li>\n<li>Funci\u00f3n de alarma<\/li>\n<li>Incluye case para protegerlo y llevarlo consigo<\/li>\n<li>\u00datil en adultos y ni\u00f1os<\/li>\n<li>Dimensiones: 2.2 x 1.2 x 1.5 pulgadas<\/li>\n<li>Peso: 3.2 onzas<\/li>\n<li>Utiliza dos baterias AAA (\u00a1Ya incluidas!)<\/li>\n<li>Incluye Landyard<\/li>\n<\/ul>\n","protected":false},"excerpt":{"rendered":"<p>Ox\u00edmetro de pulso con pantalla LED con atractiva combinaci\u00f3n de colores.<\/p>\n","protected":false},"featured_media":837,"template":"","meta":{"_joinchat":[],"jetpack_publicize_message":"Ox\u00edmetro Finger Tip Dual Color","jetpack_publicize_feature_enabled":true,"jetpack_social_post_already_shared":true,"jetpack_social_options":{"image_generator_settings":{"template":"highway","enabled":false}}},"product_cat":[116],"product_tag":[155,153,154,117,119],"jetpack_publicize_connections":[],"jetpack_sharing_enabled":true,"_links":{"self":[{"href":"https:\/\/medicinasupplies.com\/index.php\/wp-json\/wp\/v3\/product\/643"}],"collection":[{"href":"https:\/\/medicinasupplies.com\/index.php\/wp-json\/wp\/v3\/product"}],"about":[{"href":"https:\/\/medicinasupplies.com\/index.php\/wp-json\/wp\/v2\/types\/product"}],"wp:featuredmedia":[{"embeddable":true,"href":"https:\/\/medicinasupplies.com\/index.php\/wp-json\/wp\/v2\/media\/837"}],"wp:attachment":[{"href":"https:\/\/medicinasupplies.com\/index.php\/wp-json\/wp\/v2\/media?parent=643"}],"wp:term":[{"taxonomy":"product_cat","embeddable":true,"href":"https:\/\/medicinasupplies.com\/index.php\/wp-json\/wp\/v2\/product_cat?post=643"},{"taxonomy":"product_tag","embeddable":true,"href":"https:\/\/medicinasupplies.com\/index.php\/wp-json\/wp\/v2\/product_tag?post=643"}],"curies":[{"name":"wp","href":"https:\/\/api.w.org\/{rel}","templated":true}]}}