{"id":449,"date":"2020-07-01T00:01:04","date_gmt":"2020-07-01T06:01:04","guid":{"rendered":"http:\/\/medicinasupplies.com\/?post_type=product&#038;p=449"},"modified":"2024-02-11T14:49:02","modified_gmt":"2024-02-11T20:49:02","slug":"oximetro-fingertip-black-pro","status":"publish","type":"product","link":"https:\/\/medicinasupplies.com\/index.php\/producto\/oximetro-fingertip-black-pro\/","title":{"rendered":"Ox\u00edmetro FingerTip White PRO"},"content":{"rendered":"<p>Monitorea cuatro par\u00e1metros: Saturaci\u00f3n de ox\u00edmetro, frecuencia de pulso, \u00edndice de perfusi\u00f3n y par\u00e1metros de monitoreo del sue\u00f1o.<\/p>\n<p>Cuenta con capacidad de 8 horas de almacenamiento y an\u00e1lisis de datos.<\/p>\n<p>Pantalla OLED de dos colores con 6 modos de visualizaci\u00f3n.<\/p>\n<p>Comprobaciones puntuales en tiempo real.<\/p>\n<p>Apagado autom\u00e1tico.<\/p>\n<p>Bajo consumo de energ\u00eda.<\/p>\n<p><strong>Especificaciones<\/strong>:<\/p>\n<ul>\n<li>Tiempo de monitoreo que almacena: 8 horas<\/li>\n<li>Pantalla OLED de dos colores<\/li>\n<li>Direcci\u00f3n de visualizaci\u00f3n: 6 modos y 4 direcciones<\/li>\n<li>Precisi\u00f3n del rango de oxigenaci\u00f3n: 70%-100% +\/- 2<\/li>\n<li>Utiliza dos baterias AAA (No incluidas).<\/li>\n<li>Incluye Landyard.<\/li>\n<\/ul>\n","protected":false},"excerpt":{"rendered":"<p>Ox\u00edmetro de pulso color negro con dise\u00f1o PRO.<\/p>\n","protected":false},"featured_media":1898,"template":"","meta":{"_joinchat":[],"jetpack_publicize_message":"","jetpack_publicize_feature_enabled":true,"jetpack_social_post_already_shared":false,"jetpack_social_options":{"image_generator_settings":{"template":"highway","enabled":false}}},"product_cat":[116],"product_tag":[117,119,118],"jetpack_publicize_connections":[],"jetpack_sharing_enabled":true,"_links":{"self":[{"href":"https:\/\/medicinasupplies.com\/index.php\/wp-json\/wp\/v3\/product\/449"}],"collection":[{"href":"https:\/\/medicinasupplies.com\/index.php\/wp-json\/wp\/v3\/product"}],"about":[{"href":"https:\/\/medicinasupplies.com\/index.php\/wp-json\/wp\/v2\/types\/product"}],"wp:featuredmedia":[{"embeddable":true,"href":"https:\/\/medicinasupplies.com\/index.php\/wp-json\/wp\/v2\/media\/1898"}],"wp:attachment":[{"href":"https:\/\/medicinasupplies.com\/index.php\/wp-json\/wp\/v2\/media?parent=449"}],"wp:term":[{"taxonomy":"product_cat","embeddable":true,"href":"https:\/\/medicinasupplies.com\/index.php\/wp-json\/wp\/v2\/product_cat?post=449"},{"taxonomy":"product_tag","embeddable":true,"href":"https:\/\/medicinasupplies.com\/index.php\/wp-json\/wp\/v2\/product_tag?post=449"}],"curies":[{"name":"wp","href":"https:\/\/api.w.org\/{rel}","templated":true}]}}