{"id":285,"date":"2020-06-27T15:52:03","date_gmt":"2020-06-27T15:52:03","guid":{"rendered":"http:\/\/medicinasupplies.com\/?post_type=product&#038;p=285"},"modified":"2024-02-11T14:53:13","modified_gmt":"2024-02-11T20:53:13","slug":"pen-light-led-metalico","status":"publish","type":"product","link":"https:\/\/medicinasupplies.com\/index.php\/producto\/pen-light-led-metalico\/","title":{"rendered":"Pen Light LED met\u00e1lico pupilar"},"content":{"rendered":"<p>Pen light de alta calidad, hechas de aleaci\u00f3n de aluminio de primer nivel y con bombilla LED de luz blanca, garantizando as\u00ed su durabilidad.<\/p>\n<p>Est\u00e9ticamente con aspecto sobresaliente, con un indicador del tama\u00f1o pupilar y una regla de 5 cm en su cara anterior y posterior.<\/p>\n<p>Es f\u00e1cil de utilizar y de portar en los bolsillos o estuches.<\/p>\n<p>Su energ\u00eda es prove\u00edda por 2 bater\u00edas AAA (no incluidas).<\/p>\n<p>Disponibles en color negro, morado, rosado y blanco.<\/p>\n","protected":false},"excerpt":{"rendered":"<p>Penlight met\u00e1lico de luz LED blanca de alta calidad.<\/p>\n","protected":false},"featured_media":286,"template":"","meta":{"_joinchat":[],"jetpack_publicize_message":"","jetpack_publicize_feature_enabled":true,"jetpack_social_post_already_shared":false,"jetpack_social_options":{"image_generator_settings":{"template":"highway","enabled":false}}},"product_cat":[28],"product_tag":[31,34,33,63],"jetpack_publicize_connections":[],"jetpack_sharing_enabled":true,"_links":{"self":[{"href":"https:\/\/medicinasupplies.com\/index.php\/wp-json\/wp\/v3\/product\/285"}],"collection":[{"href":"https:\/\/medicinasupplies.com\/index.php\/wp-json\/wp\/v3\/product"}],"about":[{"href":"https:\/\/medicinasupplies.com\/index.php\/wp-json\/wp\/v2\/types\/product"}],"wp:featuredmedia":[{"embeddable":true,"href":"https:\/\/medicinasupplies.com\/index.php\/wp-json\/wp\/v2\/media\/286"}],"wp:attachment":[{"href":"https:\/\/medicinasupplies.com\/index.php\/wp-json\/wp\/v2\/media?parent=285"}],"wp:term":[{"taxonomy":"product_cat","embeddable":true,"href":"https:\/\/medicinasupplies.com\/index.php\/wp-json\/wp\/v2\/product_cat?post=285"},{"taxonomy":"product_tag","embeddable":true,"href":"https:\/\/medicinasupplies.com\/index.php\/wp-json\/wp\/v2\/product_tag?post=285"}],"curies":[{"name":"wp","href":"https:\/\/api.w.org\/{rel}","templated":true}]}}