{"id":280,"date":"2020-06-27T14:47:04","date_gmt":"2020-06-27T14:47:04","guid":{"rendered":"http:\/\/medicinasupplies.com\/?post_type=product&#038;p=280"},"modified":"2024-02-11T14:58:16","modified_gmt":"2024-02-11T20:58:16","slug":"estuche-medico-pro-neon-green","status":"publish","type":"product","link":"https:\/\/medicinasupplies.com\/index.php\/producto\/estuche-medico-pro-neon-green\/","title":{"rendered":"Estuche m\u00e9dico PRO"},"content":{"rendered":"<p>Vers\u00e1til estuche m\u00e9dico con el tama\u00f1o suficiente para cargar todos tus implementos a donde que sea que los necesites.<\/p>\n<p>Compatible con Estetoscopio Littmann Classic III, Cardiology, Classic II, Classic II pedi\u00e1trico y cualquier otra marca.<\/p>\n<p>Mant\u00e9n todo <strong>organizado<\/strong> para tu facilidad al momento de buscar de ellos.<\/p>\n<p>Este case contiene un <strong>divisor de compartimiento<\/strong> que trae 4 porta l\u00e1pices (2 grandes y 2 peque\u00f1os) y bolsillos interiores de malla.<\/p>\n<p>Alta calidad, con material<strong> resistente<\/strong> que al tacto te dar\u00e1 la sensaci\u00f3n de seguridad plena. Forrado con tela esponjosa que <strong>absorbe impactos<\/strong> o ca\u00eddas accidentales.<\/p>\n<p><strong>Tama\u00f1o<\/strong>: 28.5 cm x 12.5 cm x 6 cm<\/p>\n<p>*No incluye los accesorios o implementos m\u00e9dicos (solo el estuche).<\/p>\n","protected":false},"excerpt":{"rendered":"<p>Vers\u00e1til y elegante estuche m\u00e9dico.<\/p>\n","protected":false},"featured_media":842,"template":"","meta":{"_joinchat":[],"jetpack_publicize_message":"","jetpack_publicize_feature_enabled":true,"jetpack_social_post_already_shared":false,"jetpack_social_options":{"image_generator_settings":{"template":"highway","enabled":false}}},"product_cat":[60],"product_tag":[62,61],"jetpack_publicize_connections":[],"jetpack_sharing_enabled":true,"_links":{"self":[{"href":"https:\/\/medicinasupplies.com\/index.php\/wp-json\/wp\/v3\/product\/280"}],"collection":[{"href":"https:\/\/medicinasupplies.com\/index.php\/wp-json\/wp\/v3\/product"}],"about":[{"href":"https:\/\/medicinasupplies.com\/index.php\/wp-json\/wp\/v2\/types\/product"}],"wp:featuredmedia":[{"embeddable":true,"href":"https:\/\/medicinasupplies.com\/index.php\/wp-json\/wp\/v2\/media\/842"}],"wp:attachment":[{"href":"https:\/\/medicinasupplies.com\/index.php\/wp-json\/wp\/v2\/media?parent=280"}],"wp:term":[{"taxonomy":"product_cat","embeddable":true,"href":"https:\/\/medicinasupplies.com\/index.php\/wp-json\/wp\/v2\/product_cat?post=280"},{"taxonomy":"product_tag","embeddable":true,"href":"https:\/\/medicinasupplies.com\/index.php\/wp-json\/wp\/v2\/product_tag?post=280"}],"curies":[{"name":"wp","href":"https:\/\/api.w.org\/{rel}","templated":true}]}}