{"id":244,"date":"2020-06-27T01:47:43","date_gmt":"2020-06-27T01:47:43","guid":{"rendered":"http:\/\/medicinasupplies.com\/?post_type=product&#038;p=244"},"modified":"2024-02-11T15:01:34","modified_gmt":"2024-02-11T21:01:34","slug":"cinta-metrica","status":"publish","type":"product","link":"https:\/\/medicinasupplies.com\/index.php\/producto\/cinta-metrica\/","title":{"rendered":"Cinta m\u00e9trica"},"content":{"rendered":"","protected":false},"excerpt":{"rendered":"<p>Cinta m\u00e9trica pl\u00e1stica disponible en los 8 colores.<\/p>\n<p>Medici\u00f3n exacta en pulgadas y cent\u00edmetros.<\/p>\n","protected":false},"featured_media":245,"template":"","meta":{"_joinchat":[],"jetpack_publicize_message":"","jetpack_publicize_feature_enabled":true,"jetpack_social_post_already_shared":false,"jetpack_social_options":{"image_generator_settings":{"template":"highway","enabled":false}}},"product_cat":[44],"product_tag":[45,46,47],"jetpack_publicize_connections":[],"jetpack_sharing_enabled":true,"_links":{"self":[{"href":"https:\/\/medicinasupplies.com\/index.php\/wp-json\/wp\/v3\/product\/244"}],"collection":[{"href":"https:\/\/medicinasupplies.com\/index.php\/wp-json\/wp\/v3\/product"}],"about":[{"href":"https:\/\/medicinasupplies.com\/index.php\/wp-json\/wp\/v2\/types\/product"}],"wp:featuredmedia":[{"embeddable":true,"href":"https:\/\/medicinasupplies.com\/index.php\/wp-json\/wp\/v2\/media\/245"}],"wp:attachment":[{"href":"https:\/\/medicinasupplies.com\/index.php\/wp-json\/wp\/v2\/media?parent=244"}],"wp:term":[{"taxonomy":"product_cat","embeddable":true,"href":"https:\/\/medicinasupplies.com\/index.php\/wp-json\/wp\/v2\/product_cat?post=244"},{"taxonomy":"product_tag","embeddable":true,"href":"https:\/\/medicinasupplies.com\/index.php\/wp-json\/wp\/v2\/product_tag?post=244"}],"curies":[{"name":"wp","href":"https:\/\/api.w.org\/{rel}","templated":true}]}}