{"id":1834,"date":"2022-11-19T22:01:37","date_gmt":"2022-11-20T04:01:37","guid":{"rendered":"https:\/\/medicinasupplies.com\/?post_type=product&#038;p=1834"},"modified":"2024-02-11T12:51:04","modified_gmt":"2024-02-11T18:51:04","slug":"esfigmomanometro-premium-asa-economico","status":"publish","type":"product","link":"https:\/\/medicinasupplies.com\/index.php\/producto\/esfigmomanometro-premium-asa-economico\/","title":{"rendered":"Esfigmoman\u00f3metro Premium ASA econ\u00f3mico"},"content":{"rendered":"<p>Esfigmoman\u00f3metro an\u00f3dico.<br \/>\nAlta calidad, ideal para uso en todos los entornos, estudiantes de medicina e incluso para uso dom\u00e9stico para controlar tu salud. <\/p>\n<p>La funda de transporte duradera y resistente al agua mantiene tu monitor BP seguro y protegido. Este kit ligero ofrece una portabilidad superior y comodidad sobre la marcha.<\/p>\n<p>Calibre f\u00e1cil de leer: el brazalete de presi\u00f3n arterial est\u00e1 equipado con una v\u00e1lvula de aguja de aire de metal confiable con una regulaci\u00f3n de alivio de presi\u00f3n suave y una esfera de n\u00fameros grande y f\u00e1cil de leer, adecuada para estudiantes, personas mayores o personas con baja visi\u00f3n. <\/p>\n<p>Lecturas precisas y precisas: nuestro man\u00f3metro certificado de 300 mmHg logra la precisi\u00f3n de +- 3 mmHg.<\/p>\n<p>Este dispositivo ha sido cl\u00ednicamente probado y calibrado.<\/p>\n","protected":false},"excerpt":{"rendered":"<p class=\"hidden-xs\">Esfigmoman\u00f3metros aneroides integrados DS44.<\/p>\n","protected":false},"featured_media":1835,"template":"","meta":{"_joinchat":[],"jetpack_publicize_message":"","jetpack_publicize_feature_enabled":true,"jetpack_social_post_already_shared":true,"jetpack_social_options":{"image_generator_settings":{"template":"highway","enabled":false}}},"product_cat":[177,48,345,346],"product_tag":[52,50,51,49],"jetpack_publicize_connections":[],"jetpack_sharing_enabled":true,"_links":{"self":[{"href":"https:\/\/medicinasupplies.com\/index.php\/wp-json\/wp\/v3\/product\/1834"}],"collection":[{"href":"https:\/\/medicinasupplies.com\/index.php\/wp-json\/wp\/v3\/product"}],"about":[{"href":"https:\/\/medicinasupplies.com\/index.php\/wp-json\/wp\/v2\/types\/product"}],"wp:featuredmedia":[{"embeddable":true,"href":"https:\/\/medicinasupplies.com\/index.php\/wp-json\/wp\/v2\/media\/1835"}],"wp:attachment":[{"href":"https:\/\/medicinasupplies.com\/index.php\/wp-json\/wp\/v2\/media?parent=1834"}],"wp:term":[{"taxonomy":"product_cat","embeddable":true,"href":"https:\/\/medicinasupplies.com\/index.php\/wp-json\/wp\/v2\/product_cat?post=1834"},{"taxonomy":"product_tag","embeddable":true,"href":"https:\/\/medicinasupplies.com\/index.php\/wp-json\/wp\/v2\/product_tag?post=1834"}],"curies":[{"name":"wp","href":"https:\/\/api.w.org\/{rel}","templated":true}]}}