{"id":1830,"date":"2022-11-19T21:43:24","date_gmt":"2022-11-20T03:43:24","guid":{"rendered":"https:\/\/medicinasupplies.com\/?post_type=product&#038;p=1830"},"modified":"2024-02-11T12:52:35","modified_gmt":"2024-02-11T18:52:35","slug":"littmann-classic-pediatrico-caribbean-blue-stainless","status":"publish","type":"product","link":"https:\/\/medicinasupplies.com\/index.php\/producto\/littmann-classic-pediatrico-caribbean-blue-stainless\/","title":{"rendered":"Littmann Classic Pedi\u00e1trico Caribbean Blue Stainless"},"content":{"rendered":"<p>Fabuloso Littmann Classic 3M de Littmann en color Rojo con acabados color acero.<\/p>\n<p>La campana de doble cara con un peque\u00f1o diafragma de 3.3 cm es ideal para pacientes pedi\u00e1tricos<\/p>\n<p>El dise\u00f1o vers\u00e1til de la campana proporciona una alta sensibilidad ac\u00fastica con un diafragma flotante y una campana abierta<\/p>\n<p>El borde y el diafragma que no enfr\u00edan brindan comodidad al paciente.<\/p>\n","protected":false},"excerpt":{"rendered":"<p>Fabuloso Littmann Classic III de 3M Littmann.<\/p>\n","protected":false},"featured_media":1831,"template":"","meta":{"_joinchat":[],"jetpack_publicize_message":"Estetoscopio Littmann Classic III Fucsia","jetpack_publicize_feature_enabled":true,"jetpack_social_post_already_shared":true,"jetpack_social_options":{"image_generator_settings":{"template":"highway","enabled":false}}},"product_cat":[177,36,347,345],"product_tag":[43,38,37,40],"jetpack_publicize_connections":[],"jetpack_sharing_enabled":true,"_links":{"self":[{"href":"https:\/\/medicinasupplies.com\/index.php\/wp-json\/wp\/v3\/product\/1830"}],"collection":[{"href":"https:\/\/medicinasupplies.com\/index.php\/wp-json\/wp\/v3\/product"}],"about":[{"href":"https:\/\/medicinasupplies.com\/index.php\/wp-json\/wp\/v2\/types\/product"}],"wp:featuredmedia":[{"embeddable":true,"href":"https:\/\/medicinasupplies.com\/index.php\/wp-json\/wp\/v2\/media\/1831"}],"wp:attachment":[{"href":"https:\/\/medicinasupplies.com\/index.php\/wp-json\/wp\/v2\/media?parent=1830"}],"wp:term":[{"taxonomy":"product_cat","embeddable":true,"href":"https:\/\/medicinasupplies.com\/index.php\/wp-json\/wp\/v2\/product_cat?post=1830"},{"taxonomy":"product_tag","embeddable":true,"href":"https:\/\/medicinasupplies.com\/index.php\/wp-json\/wp\/v2\/product_tag?post=1830"}],"curies":[{"name":"wp","href":"https:\/\/api.w.org\/{rel}","templated":true}]}}