{"id":1612,"date":"2021-09-15T10:19:16","date_gmt":"2021-09-15T16:19:16","guid":{"rendered":"https:\/\/medicinasupplies.com\/?post_type=product&#038;p=1612"},"modified":"2024-12-05T17:00:48","modified_gmt":"2024-12-05T23:00:48","slug":"monofilamento-medline","status":"publish","type":"product","link":"https:\/\/medicinasupplies.com\/index.php\/producto\/monofilamento-medline\/","title":{"rendered":"Monofilamento MEDLINE"},"content":{"rendered":"<p>Monofilamento elaborado por la prestigiosa marca MEDLINE.<\/p>\n","protected":false},"excerpt":{"rendered":"<p>Monofilamento MEDLINE para la exploraci\u00f3n m\u00e9dica neurol\u00f3gica.<\/p>\n","protected":false},"featured_media":1613,"template":"","meta":{"_joinchat":[],"jetpack_publicize_message":"","jetpack_publicize_feature_enabled":true,"jetpack_social_post_already_shared":true,"jetpack_social_options":{"image_generator_settings":{"template":"highway","enabled":false}}},"product_cat":[178,345,348,340],"product_tag":[343,342,121,341,344],"jetpack_publicize_connections":[],"jetpack_sharing_enabled":true,"_links":{"self":[{"href":"https:\/\/medicinasupplies.com\/index.php\/wp-json\/wp\/v3\/product\/1612"}],"collection":[{"href":"https:\/\/medicinasupplies.com\/index.php\/wp-json\/wp\/v3\/product"}],"about":[{"href":"https:\/\/medicinasupplies.com\/index.php\/wp-json\/wp\/v2\/types\/product"}],"wp:featuredmedia":[{"embeddable":true,"href":"https:\/\/medicinasupplies.com\/index.php\/wp-json\/wp\/v2\/media\/1613"}],"wp:attachment":[{"href":"https:\/\/medicinasupplies.com\/index.php\/wp-json\/wp\/v2\/media?parent=1612"}],"wp:term":[{"taxonomy":"product_cat","embeddable":true,"href":"https:\/\/medicinasupplies.com\/index.php\/wp-json\/wp\/v2\/product_cat?post=1612"},{"taxonomy":"product_tag","embeddable":true,"href":"https:\/\/medicinasupplies.com\/index.php\/wp-json\/wp\/v2\/product_tag?post=1612"}],"curies":[{"name":"wp","href":"https:\/\/api.w.org\/{rel}","templated":true}]}}