{"id":1494,"date":"2021-06-23T21:37:30","date_gmt":"2021-06-24T03:37:30","guid":{"rendered":"https:\/\/medicinasupplies.com\/?post_type=product&#038;p=1494"},"modified":"2024-02-11T12:59:32","modified_gmt":"2024-02-11T18:59:32","slug":"otoscopio-digital-inalambrico-led-fhd","status":"publish","type":"product","link":"https:\/\/medicinasupplies.com\/index.php\/producto\/otoscopio-digital-inalambrico-led-fhd\/","title":{"rendered":"Otoscopio Digital Inal\u00e1mbrico LED FHD"},"content":{"rendered":"<p>Caracter\u00edsticas:<\/p>\n<ul>\n<li>Lente de 360\u00b0 gran angular, con resoluci\u00f3n completa Full HD.<\/li>\n<li>Funciona v\u00eda Wifi con la mayor\u00eda de tel\u00e9fonos y tabletas android y iphone.<\/li>\n<li>Recargable a trav\u00e9s de puerto USD.<\/li>\n<li>Certificaci\u00f3n IP67, f\u00e1cil de limpiar con agua o alcohol.<\/li>\n<li>Bater\u00eda de 120 mAh recargable.<\/li>\n<li>Consta de 12 piezas entre ellos removedores de cerumen.<\/li>\n<\/ul>\n","protected":false},"excerpt":{"rendered":"<p>Otoscopio inal\u00e1mbrico que se conecta a tu cel y permite explorar en resoluci\u00f3n Full HD. M\u00faltiples accesorios \u00a1Incluidos!<\/p>\n","protected":false},"featured_media":1908,"template":"","meta":{"_joinchat":[],"jetpack_publicize_message":"","jetpack_publicize_feature_enabled":true,"jetpack_social_post_already_shared":true,"jetpack_social_options":{"image_generator_settings":{"template":"highway","enabled":false}}},"product_cat":[177,266],"product_tag":[120,313,312,33,314,315,272],"jetpack_publicize_connections":[],"jetpack_sharing_enabled":true,"_links":{"self":[{"href":"https:\/\/medicinasupplies.com\/index.php\/wp-json\/wp\/v3\/product\/1494"}],"collection":[{"href":"https:\/\/medicinasupplies.com\/index.php\/wp-json\/wp\/v3\/product"}],"about":[{"href":"https:\/\/medicinasupplies.com\/index.php\/wp-json\/wp\/v2\/types\/product"}],"wp:featuredmedia":[{"embeddable":true,"href":"https:\/\/medicinasupplies.com\/index.php\/wp-json\/wp\/v2\/media\/1908"}],"wp:attachment":[{"href":"https:\/\/medicinasupplies.com\/index.php\/wp-json\/wp\/v2\/media?parent=1494"}],"wp:term":[{"taxonomy":"product_cat","embeddable":true,"href":"https:\/\/medicinasupplies.com\/index.php\/wp-json\/wp\/v2\/product_cat?post=1494"},{"taxonomy":"product_tag","embeddable":true,"href":"https:\/\/medicinasupplies.com\/index.php\/wp-json\/wp\/v2\/product_tag?post=1494"}],"curies":[{"name":"wp","href":"https:\/\/api.w.org\/{rel}","templated":true}]}}