{"id":1365,"date":"2021-03-16T19:15:14","date_gmt":"2021-03-17T01:15:14","guid":{"rendered":"https:\/\/medicinasupplies.com\/?post_type=product&#038;p=1365"},"modified":"2024-02-11T13:01:31","modified_gmt":"2024-02-11T19:01:31","slug":"kit-medico-completo","status":"publish","type":"product","link":"https:\/\/medicinasupplies.com\/index.php\/producto\/kit-medico-completo\/","title":{"rendered":"Kit M\u00e9dico Completo"},"content":{"rendered":"<div class=\"o9v6fnle cxmmr5t8 oygrvhab hcukyx3x c1et5uql ii04i59q\">\n<div dir=\"auto\"><span class=\"pq6dq46d tbxw36s4 knj5qynh kvgmc6g5 ditlmg2l oygrvhab nvdbi5me sf5mxxl7 gl3lb2sf hhz5lgdu\"><img decoding=\"async\" src=\"https:\/\/static.xx.fbcdn.net\/images\/emoji.php\/v9\/t1c\/1.5\/16\/1fa7a.png\" alt=\"\ud83e\ude7a\" width=\"16\" height=\"16\" \/><\/span> KIT M\u00c9DICO COMPLETO<span class=\"pq6dq46d tbxw36s4 knj5qynh kvgmc6g5 ditlmg2l oygrvhab nvdbi5me sf5mxxl7 gl3lb2sf hhz5lgdu\"><img decoding=\"async\" src=\"https:\/\/static.xx.fbcdn.net\/images\/emoji.php\/v9\/tb1\/1.5\/16\/1f929.png\" alt=\"\ud83e\udd29\" width=\"16\" height=\"16\" \/><\/span><\/div>\n<\/div>\n<div class=\"o9v6fnle cxmmr5t8 oygrvhab hcukyx3x c1et5uql ii04i59q\">\n<div dir=\"auto\"><span class=\"pq6dq46d tbxw36s4 knj5qynh kvgmc6g5 ditlmg2l oygrvhab nvdbi5me sf5mxxl7 gl3lb2sf hhz5lgdu\"><img decoding=\"async\" src=\"https:\/\/static.xx.fbcdn.net\/images\/emoji.php\/v9\/tba\/1.5\/16\/2705.png\" alt=\"\u2705\" width=\"16\" height=\"16\" \/><\/span>Incluye 18 piezas:<\/div>\n<div dir=\"auto\">&#8211; 1 Bolso para el equipo<\/div>\n<div dir=\"auto\">&#8211; 1 estetoscopio<\/div>\n<div dir=\"auto\">&#8211; 1 esfigmomanometro<\/div>\n<div dir=\"auto\">&#8211; 1 Tijera de trauma<\/div>\n<div dir=\"auto\">&#8211; 1 mascarilla para RCP<\/div>\n<div dir=\"auto\">-1 cinta de kinesiologia<\/div>\n<div dir=\"auto\">&#8211; 2 bandas adhesivas<\/div>\n<div dir=\"auto\">&#8211; 1 Kit de martillo de reflejo, foquito, tijera y diapason<\/div>\n<div dir=\"auto\">&#8211; 1 llavero de emergencia<\/div>\n<div dir=\"auto\">&#8211; 1 mini otoscopio LED con baterias<\/div>\n<div dir=\"auto\">&#8211; 1 cinta m\u00e9trica retraible<\/div>\n<div dir=\"auto\">&#8211; 1 penlight<\/div>\n<div dir=\"auto\">&#8211; 2 baterias AAA<\/div>\n<div dir=\"auto\"><\/div>\n<\/div>\n<div class=\"o9v6fnle cxmmr5t8 oygrvhab hcukyx3x c1et5uql ii04i59q\">\n<div dir=\"auto\"><span class=\"pq6dq46d tbxw36s4 knj5qynh kvgmc6g5 ditlmg2l oygrvhab nvdbi5me sf5mxxl7 gl3lb2sf hhz5lgdu\"><img decoding=\"async\" src=\"https:\/\/static.xx.fbcdn.net\/images\/emoji.php\/v9\/td4\/1.5\/16\/1f44c.png\" alt=\"\ud83d\udc4c\" width=\"16\" height=\"16\" \/><\/span> Disponible en azul, negro, rosado y aqua.<\/div>\n<div dir=\"auto\"><\/div>\n<\/div>\n<div class=\"o9v6fnle cxmmr5t8 oygrvhab hcukyx3x c1et5uql ii04i59q\">\n<div dir=\"auto\"><span class=\"pq6dq46d tbxw36s4 knj5qynh kvgmc6g5 ditlmg2l oygrvhab nvdbi5me sf5mxxl7 gl3lb2sf hhz5lgdu\"><img decoding=\"async\" src=\"https:\/\/static.xx.fbcdn.net\/images\/emoji.php\/v9\/t31\/1.5\/16\/1f4f2.png\" alt=\"\ud83d\udcf2\" width=\"16\" height=\"16\" \/><\/span>\u00bfDudas o consultas? Escr\u00edbenos al 8765-5274<\/div>\n<\/div>\n<div class=\"o9v6fnle cxmmr5t8 oygrvhab hcukyx3x c1et5uql ii04i59q\">\n<div dir=\"auto\"><\/div>\n<\/div>\n<div class=\"o9v6fnle cxmmr5t8 oygrvhab hcukyx3x c1et5uql ii04i59q\">\n<div dir=\"auto\"><span class=\"pq6dq46d tbxw36s4 knj5qynh kvgmc6g5 ditlmg2l oygrvhab nvdbi5me sf5mxxl7 gl3lb2sf hhz5lgdu\"><img decoding=\"async\" src=\"https:\/\/static.xx.fbcdn.net\/images\/emoji.php\/v9\/tf0\/1.5\/16\/1f69b.png\" alt=\"\ud83d\ude9b\" width=\"16\" height=\"16\" \/><\/span> Env\u00edos a nivel nacional <span class=\"pq6dq46d tbxw36s4 knj5qynh kvgmc6g5 ditlmg2l oygrvhab nvdbi5me sf5mxxl7 gl3lb2sf hhz5lgdu\"><img decoding=\"async\" src=\"https:\/\/static.xx.fbcdn.net\/images\/emoji.php\/v9\/t8b\/1.5\/16\/1f1ed_1f1f3.png\" alt=\"\ud83c\udded\ud83c\uddf3\" width=\"16\" height=\"16\" \/><\/span><\/div>\n<\/div>\n","protected":false},"excerpt":{"rendered":"<p>Kit m\u00e9dico completo para el d\u00eda a d\u00eda.<\/p>\n","protected":false},"featured_media":1366,"template":"","meta":{"_joinchat":[],"jetpack_publicize_message":"","jetpack_publicize_feature_enabled":true,"jetpack_social_post_already_shared":true,"jetpack_social_options":{"image_generator_settings":{"template":"highway","enabled":false}}},"product_cat":[306],"product_tag":[217,61,248,218],"jetpack_publicize_connections":[],"jetpack_sharing_enabled":true,"_links":{"self":[{"href":"https:\/\/medicinasupplies.com\/index.php\/wp-json\/wp\/v3\/product\/1365"}],"collection":[{"href":"https:\/\/medicinasupplies.com\/index.php\/wp-json\/wp\/v3\/product"}],"about":[{"href":"https:\/\/medicinasupplies.com\/index.php\/wp-json\/wp\/v2\/types\/product"}],"wp:featuredmedia":[{"embeddable":true,"href":"https:\/\/medicinasupplies.com\/index.php\/wp-json\/wp\/v2\/media\/1366"}],"wp:attachment":[{"href":"https:\/\/medicinasupplies.com\/index.php\/wp-json\/wp\/v2\/media?parent=1365"}],"wp:term":[{"taxonomy":"product_cat","embeddable":true,"href":"https:\/\/medicinasupplies.com\/index.php\/wp-json\/wp\/v2\/product_cat?post=1365"},{"taxonomy":"product_tag","embeddable":true,"href":"https:\/\/medicinasupplies.com\/index.php\/wp-json\/wp\/v2\/product_tag?post=1365"}],"curies":[{"name":"wp","href":"https:\/\/api.w.org\/{rel}","templated":true}]}}