{"id":1351,"date":"2021-03-12T18:04:12","date_gmt":"2021-03-13T00:04:12","guid":{"rendered":"https:\/\/medicinasupplies.com\/?post_type=product&#038;p=1351"},"modified":"2024-02-11T13:02:32","modified_gmt":"2024-02-11T19:02:32","slug":"termometro-infrarrojo-digital","status":"publish","type":"product","link":"https:\/\/medicinasupplies.com\/index.php\/producto\/termometro-infrarrojo-digital\/","title":{"rendered":"Term\u00f3metro infrarrojo digital"},"content":{"rendered":"<p>Confiable term\u00f3metro infrarrojo, con los siguientes aspectos relevantes:<\/p>\n<ul class=\"a-unordered-list a-vertical a-spacing-mini\">\n<li><span class=\"a-list-item\">3 modos de medici\u00f3n: una amplia variedad de funciones, todo en un simple term\u00f3metro incluyendo 3 modos de medici\u00f3n que van desde dentro de la oreja, frente y objeto. Cambia en cualquier momento entre \u00b0C o \u00b0F, una colorida retroiluminaci\u00f3n LED proporciona lectura, notificaci\u00f3n de fiebre (nota: verde = seguro, naranja = precauci\u00f3n, rojo = fiebre).<\/span><\/li>\n<li><span class=\"a-list-item\">Tecnolog\u00eda infrarroja: utiliza una potente tecnolog\u00eda infrarroja para medir con precisi\u00f3n la temperatura de la frente y el o\u00eddo. Su sensor de infrarrojos es seguro, r\u00e1pido y preciso.\u00a0<\/span><\/li>\n<li><span class=\"a-list-item\">Uso sencillo: simplicidad, seguridad y facilidad de uso. Una pantalla LCD de f\u00e1cil lectura muestra informaci\u00f3n importante, es decir, Temperatura, notificaciones de fiebre y mensajes de error. Tambi\u00e9n, \u00fasalo de d\u00eda o de noche con una caracter\u00edstica \u00fanica de modo silencioso para beb\u00e9s o ni\u00f1os peque\u00f1os.<\/span><\/li>\n<li><span class=\"a-list-item\">Toca un bot\u00f3n: simplemente pulsa el bot\u00f3n de medici\u00f3n para recibir mediciones r\u00e1pidas, precisas y espec\u00edficas en solo un segundo. Nuestro term\u00f3metro infrarrojo est\u00e1 dise\u00f1ado con un microchip avanzado, un chip de memoria y un sensor sensible. (Memoria: hasta 40 mediciones de memoria).<\/span><\/li>\n<li><span class=\"a-list-item\">Seguridad 24\/7: la tecnolog\u00eda de seguridad potente y de alto nivel hace que nuestro term\u00f3metro infrarrojo se apague autom\u00e1ticamente despu\u00e9s de s\u00f3lo 10 segundos de espera o sin uso. La simplicidad y la seguridad son nuestras principales prioridades. Requiere 2 pilas AAA para funcionar, las pilas no est\u00e1n incluidas.\u00a0<\/span><\/li>\n<\/ul>\n","protected":false},"excerpt":{"rendered":"<p>Term\u00f3metro infrarrojo de alta calidad para uso en todas las edades.<\/p>\n","protected":false},"featured_media":1871,"template":"","meta":{"_joinchat":[],"jetpack_publicize_message":"","jetpack_publicize_feature_enabled":true,"jetpack_social_post_already_shared":true,"jetpack_social_options":{"image_generator_settings":{"template":"highway","enabled":false}}},"product_cat":[177,304],"product_tag":[],"jetpack_publicize_connections":[],"jetpack_sharing_enabled":true,"_links":{"self":[{"href":"https:\/\/medicinasupplies.com\/index.php\/wp-json\/wp\/v3\/product\/1351"}],"collection":[{"href":"https:\/\/medicinasupplies.com\/index.php\/wp-json\/wp\/v3\/product"}],"about":[{"href":"https:\/\/medicinasupplies.com\/index.php\/wp-json\/wp\/v2\/types\/product"}],"wp:featuredmedia":[{"embeddable":true,"href":"https:\/\/medicinasupplies.com\/index.php\/wp-json\/wp\/v2\/media\/1871"}],"wp:attachment":[{"href":"https:\/\/medicinasupplies.com\/index.php\/wp-json\/wp\/v2\/media?parent=1351"}],"wp:term":[{"taxonomy":"product_cat","embeddable":true,"href":"https:\/\/medicinasupplies.com\/index.php\/wp-json\/wp\/v2\/product_cat?post=1351"},{"taxonomy":"product_tag","embeddable":true,"href":"https:\/\/medicinasupplies.com\/index.php\/wp-json\/wp\/v2\/product_tag?post=1351"}],"curies":[{"name":"wp","href":"https:\/\/api.w.org\/{rel}","templated":true}]}}