{"id":1329,"date":"2021-03-08T19:16:54","date_gmt":"2021-03-09T01:16:54","guid":{"rendered":"https:\/\/medicinasupplies.com\/?post_type=product&#038;p=1329"},"modified":"2024-02-11T13:03:05","modified_gmt":"2024-02-11T19:03:05","slug":"diapason-medico-256hz","status":"publish","type":"product","link":"https:\/\/medicinasupplies.com\/index.php\/producto\/diapason-medico-256hz\/","title":{"rendered":"Diapas\u00f3n m\u00e9dico 256hz"},"content":{"rendered":"<p>Fabricado en aleaci\u00f3n de aluminio y dise\u00f1ado para cumplir con los requisitos m\u00e9dicos, la frecuencia de este diapas\u00f3n se utiliza con las pruebas auditivas de Rinne y Weber. Ponderado para asegurar la frecuencia correcta. FRECUENCIA 256HZ<\/p>\n<p>La acumetr\u00eda es una t\u00e9cnica audiol\u00f3gica que, mediante el uso de diapasones, eval\u00faa la funci\u00f3n auditiva, es una prueba que consiste en\u00a0comparar la audici\u00f3n que tiene el paciente cuando se explora \u00e9sta por v\u00eda a\u00e9rea y cuando se la explora por v\u00eda \u00f3sea\u00a0(en el mismo o\u00eddo). En sujetos con o\u00eddos sanos la audici\u00f3n del diapas\u00f3n por v\u00eda a\u00e9rea es mejor que la audici\u00f3n por v\u00eda \u00f3sea.<\/p>\n<p>Test de weber: Esta prueba\u00a0compara la audici\u00f3n por v\u00eda \u00f3sea entre los dos o\u00eddos del paciente. La prueba consiste en colocar el tallo del diapas\u00f3n vibrante en la\u00a0frente del paciente y pedirle a \u00e9ste \u00a0que nos informe sobre el o\u00eddo por el que cree percibir el sonido. Tambi\u00e9n puede colocarse en el centro del v\u00e9rtex craneal o sobre los dientes incisivos superiores centrales.<\/p>\n","protected":false},"excerpt":{"rendered":"<p>Diapas\u00f3n medico 256hz .<\/p>\n","protected":false},"featured_media":1330,"template":"","meta":{"_joinchat":[],"jetpack_publicize_message":"","jetpack_publicize_feature_enabled":true,"jetpack_social_post_already_shared":true,"jetpack_social_options":{"image_generator_settings":{"template":"highway","enabled":false}}},"product_cat":[178,300],"product_tag":[301,302,303],"jetpack_publicize_connections":[],"jetpack_sharing_enabled":true,"_links":{"self":[{"href":"https:\/\/medicinasupplies.com\/index.php\/wp-json\/wp\/v3\/product\/1329"}],"collection":[{"href":"https:\/\/medicinasupplies.com\/index.php\/wp-json\/wp\/v3\/product"}],"about":[{"href":"https:\/\/medicinasupplies.com\/index.php\/wp-json\/wp\/v2\/types\/product"}],"wp:featuredmedia":[{"embeddable":true,"href":"https:\/\/medicinasupplies.com\/index.php\/wp-json\/wp\/v2\/media\/1330"}],"wp:attachment":[{"href":"https:\/\/medicinasupplies.com\/index.php\/wp-json\/wp\/v2\/media?parent=1329"}],"wp:term":[{"taxonomy":"product_cat","embeddable":true,"href":"https:\/\/medicinasupplies.com\/index.php\/wp-json\/wp\/v2\/product_cat?post=1329"},{"taxonomy":"product_tag","embeddable":true,"href":"https:\/\/medicinasupplies.com\/index.php\/wp-json\/wp\/v2\/product_tag?post=1329"}],"curies":[{"name":"wp","href":"https:\/\/api.w.org\/{rel}","templated":true}]}}