{"id":1069,"date":"2020-10-14T15:29:34","date_gmt":"2020-10-14T21:29:34","guid":{"rendered":"https:\/\/medicinasupplies.com\/?post_type=product&#038;p=1069"},"modified":"2024-02-11T13:17:48","modified_gmt":"2024-02-11T19:17:48","slug":"otoscopio-cynamed-fibra-optica","status":"publish","type":"product","link":"https:\/\/medicinasupplies.com\/index.php\/producto\/otoscopio-cynamed-fibra-optica\/","title":{"rendered":"Otoscopio Cynamed Fibra \u00d3ptica"},"content":{"rendered":"<p>Otoscopio compacto ideal para el d\u00eda a d\u00eda.<\/p>\n<p>Ligero, potente y f\u00e1cil de llevar consigo.<\/p>\n<p>Con hermosa funda del color del otoscopio, para un f\u00e1cil almacenamiento y un mantenimiento seguro.<\/p>\n<p>Inlcuye: Funda, otoscopio, 10 conitos y un repuesto de luz.<\/p>\n<p>*No incluye baterias.<\/p>\n","protected":false},"excerpt":{"rendered":"<p>Otoscopio de colores de Fibra \u00f3ptica, Luz Blanca.<\/p>\n","protected":false},"featured_media":1079,"template":"","meta":{"_joinchat":[],"jetpack_publicize_message":"Otoscopio Cynamed Fibra \u00d3ptica","jetpack_publicize_feature_enabled":true,"jetpack_social_post_already_shared":true,"jetpack_social_options":{"image_generator_settings":{"template":"highway","enabled":false}}},"product_cat":[177,266],"product_tag":[273,272],"jetpack_publicize_connections":[],"jetpack_sharing_enabled":true,"_links":{"self":[{"href":"https:\/\/medicinasupplies.com\/index.php\/wp-json\/wp\/v3\/product\/1069"}],"collection":[{"href":"https:\/\/medicinasupplies.com\/index.php\/wp-json\/wp\/v3\/product"}],"about":[{"href":"https:\/\/medicinasupplies.com\/index.php\/wp-json\/wp\/v2\/types\/product"}],"wp:featuredmedia":[{"embeddable":true,"href":"https:\/\/medicinasupplies.com\/index.php\/wp-json\/wp\/v2\/media\/1079"}],"wp:attachment":[{"href":"https:\/\/medicinasupplies.com\/index.php\/wp-json\/wp\/v2\/media?parent=1069"}],"wp:term":[{"taxonomy":"product_cat","embeddable":true,"href":"https:\/\/medicinasupplies.com\/index.php\/wp-json\/wp\/v2\/product_cat?post=1069"},{"taxonomy":"product_tag","embeddable":true,"href":"https:\/\/medicinasupplies.com\/index.php\/wp-json\/wp\/v2\/product_tag?post=1069"}],"curies":[{"name":"wp","href":"https:\/\/api.w.org\/{rel}","templated":true}]}}