{"id":1059,"date":"2020-10-07T14:58:27","date_gmt":"2020-10-07T20:58:27","guid":{"rendered":"https:\/\/medicinasupplies.com\/?post_type=product&#038;p=1059"},"modified":"2024-02-11T13:18:48","modified_gmt":"2024-02-11T19:18:48","slug":"filtros-p100-para-respirador-3m","status":"publish","type":"product","link":"https:\/\/medicinasupplies.com\/index.php\/producto\/filtros-p100-para-respirador-3m\/","title":{"rendered":"Filtros P100 para respirador 3M"},"content":{"rendered":"<p>Inlcuye 1 par (2 filtros).<\/p>\n<p>Material: material de filtro electrost\u00e1tico, tela no tejida, tejido Meltblown, algod\u00f3n de aire caliente. Como m\u00ednimo un 95% de eficiencia de filtraci\u00f3n.<\/p>\n","protected":false},"excerpt":{"rendered":"<p>Filtro P100 para Mascar\u00e1\/Respirador 3M<\/p>\n","protected":false},"featured_media":1060,"template":"","meta":{"_joinchat":[],"jetpack_publicize_message":"Filtros P100 para respirador 3M","jetpack_publicize_feature_enabled":true,"jetpack_social_post_already_shared":true,"jetpack_social_options":{"image_generator_settings":{"template":"highway","enabled":false}}},"product_cat":[179,257,352,345],"product_tag":[235,236,260,259,237,234,258],"jetpack_publicize_connections":[],"jetpack_sharing_enabled":true,"_links":{"self":[{"href":"https:\/\/medicinasupplies.com\/index.php\/wp-json\/wp\/v3\/product\/1059"}],"collection":[{"href":"https:\/\/medicinasupplies.com\/index.php\/wp-json\/wp\/v3\/product"}],"about":[{"href":"https:\/\/medicinasupplies.com\/index.php\/wp-json\/wp\/v2\/types\/product"}],"wp:featuredmedia":[{"embeddable":true,"href":"https:\/\/medicinasupplies.com\/index.php\/wp-json\/wp\/v2\/media\/1060"}],"wp:attachment":[{"href":"https:\/\/medicinasupplies.com\/index.php\/wp-json\/wp\/v2\/media?parent=1059"}],"wp:term":[{"taxonomy":"product_cat","embeddable":true,"href":"https:\/\/medicinasupplies.com\/index.php\/wp-json\/wp\/v2\/product_cat?post=1059"},{"taxonomy":"product_tag","embeddable":true,"href":"https:\/\/medicinasupplies.com\/index.php\/wp-json\/wp\/v2\/product_tag?post=1059"}],"curies":[{"name":"wp","href":"https:\/\/api.w.org\/{rel}","templated":true}]}}