{"id":197,"date":"2020-06-26T19:57:11","date_gmt":"2020-06-26T19:57:11","guid":{"rendered":"https:\/\/medicinasupplies.com\/index.php\/pagina-de-inicio\/"},"modified":"2021-01-23T19:31:56","modified_gmt":"2021-01-24T01:31:56","slug":"pagina-de-inicio","status":"publish","type":"page","link":"https:\/\/medicinasupplies.com\/","title":{"rendered":"P\u00e1gina de inicio"},"content":{"rendered":"\n<h2 class=\"has-text-align-center wp-block-heading\">Nuevos productos<\/h2>\n\n\n<div data-block-name=\"woocommerce\/product-new\" class=\"wc-block-grid wp-block-product-new wc-block-product-new has-3-columns has-multiple-rows\"><ul class=\"wc-block-grid__products\"><li class=\"wc-block-grid__product\">\n\t\t\t\t<a href=\"https:\/\/medicinasupplies.com\/index.php\/producto\/tijera-lister-de-trauma-prestige-medical\/\" class=\"wc-block-grid__product-link\">\n\t\t\t\t\t<div class=\"wc-block-grid__product-image\"><img decoding=\"async\" width=\"262\" height=\"262\" src=\"https:\/\/medicinasupplies.com\/wp-content\/uploads\/2022\/11\/Diseno-sin-titulo-11.png\" class=\"attachment-woocommerce_thumbnail size-woocommerce_thumbnail\" alt=\"Tijera Lister de Trauma Prestige Medical\" \/><\/div>\n\t\t\t\t\t<div class=\"wc-block-grid__product-title\">Tijera Lister de Trauma Prestige Medical<\/div>\n\t\t\t\t<\/a>\n\t\t\t\t\n\t\t\t\t<div class=\"wc-block-grid__product-price price\"><span class=\"woocommerce-Price-amount amount\"><span class=\"woocommerce-Price-currencySymbol\">L<\/span>&nbsp;100.00<\/span><\/div>\n\t\t\t\t\n\t\t\t\t<div class=\"wp-block-button wc-block-grid__product-add-to-cart\"><a href=\"?add-to-cart=1860\" aria-label=\"A\u00f1ade &ldquo;Tijera Lister de Trauma Prestige Medical&rdquo; a tu carrito\" data-quantity=\"1\" data-product_id=\"1860\" data-product_sku=\"\" rel=\"nofollow\" class=\"wp-block-button__link wp-element-button add_to_cart_button ajax_add_to_cart\">A\u00f1adir al carrito<\/a><\/div>\n\t\t\t<\/li><li class=\"wc-block-grid__product\">\n\t\t\t\t<a href=\"https:\/\/medicinasupplies.com\/index.php\/producto\/estuche-medico-top-protection\/\" class=\"wc-block-grid__product-link\">\n\t\t\t\t\t<div class=\"wc-block-grid__product-image\"><img decoding=\"async\" width=\"262\" height=\"262\" src=\"https:\/\/medicinasupplies.com\/wp-content\/uploads\/2022\/11\/Diseno-sin-titulo-5.png\" class=\"attachment-woocommerce_thumbnail size-woocommerce_thumbnail\" alt=\"Estuche M\u00e9dico Top Protection\" \/><\/div>\n\t\t\t\t\t<div class=\"wc-block-grid__product-title\">Estuche M\u00e9dico Top Protection<\/div>\n\t\t\t\t<\/a>\n\t\t\t\t<div class=\"wc-block-grid__product-onsale\">\n\t\t\t<span aria-hidden=\"true\">Oferta<\/span>\n\t\t\t<span class=\"screen-reader-text\">Producto rebajado<\/span>\n\t\t<\/div>\n\t\t\t\t<div class=\"wc-block-grid__product-price price\"><del aria-hidden=\"true\"><span class=\"woocommerce-Price-amount amount\"><span class=\"woocommerce-Price-currencySymbol\">L<\/span>&nbsp;780.00<\/span><\/del> <ins><span class=\"woocommerce-Price-amount amount\"><span class=\"woocommerce-Price-currencySymbol\">L<\/span>&nbsp;600.00<\/span><\/ins><\/div>\n\t\t\t\t\n\t\t\t\t<div class=\"wp-block-button wc-block-grid__product-add-to-cart\"><a href=\"?add-to-cart=1837\" aria-label=\"A\u00f1ade &ldquo;Estuche M\u00e9dico Top Protection&rdquo; a tu carrito\" data-quantity=\"1\" data-product_id=\"1837\" data-product_sku=\"\" rel=\"nofollow\" class=\"wp-block-button__link wp-element-button add_to_cart_button ajax_add_to_cart\">A\u00f1adir al carrito<\/a><\/div>\n\t\t\t<\/li><li class=\"wc-block-grid__product\">\n\t\t\t\t<a href=\"https:\/\/medicinasupplies.com\/index.php\/producto\/esfigmomanometro-premium-asa-economico\/\" class=\"wc-block-grid__product-link\">\n\t\t\t\t\t<div class=\"wc-block-grid__product-image\"><img decoding=\"async\" width=\"262\" height=\"262\" src=\"https:\/\/medicinasupplies.com\/wp-content\/uploads\/2022\/11\/Diseno-sin-titulo-3.png\" class=\"attachment-woocommerce_thumbnail size-woocommerce_thumbnail\" alt=\"Esfigmoman\u00f3metro Premium ASA econ\u00f3mico\" \/><\/div>\n\t\t\t\t\t<div class=\"wc-block-grid__product-title\">Esfigmoman\u00f3metro Premium ASA econ\u00f3mico<\/div>\n\t\t\t\t<\/a>\n\t\t\t\t<div class=\"wc-block-grid__product-onsale\">\n\t\t\t<span aria-hidden=\"true\">Oferta<\/span>\n\t\t\t<span class=\"screen-reader-text\">Producto rebajado<\/span>\n\t\t<\/div>\n\t\t\t\t<div class=\"wc-block-grid__product-price price\"><del aria-hidden=\"true\"><span class=\"woocommerce-Price-amount amount\"><span class=\"woocommerce-Price-currencySymbol\">L<\/span>&nbsp;680.00<\/span><\/del> <ins><span class=\"woocommerce-Price-amount amount\"><span class=\"woocommerce-Price-currencySymbol\">L<\/span>&nbsp;500.00<\/span><\/ins><\/div>\n\t\t\t\t\n\t\t\t\t<div class=\"wp-block-button wc-block-grid__product-add-to-cart\"><a href=\"?add-to-cart=1834\" aria-label=\"A\u00f1ade &ldquo;Esfigmoman\u00f3metro Premium ASA econ\u00f3mico&rdquo; a tu carrito\" data-quantity=\"1\" data-product_id=\"1834\" data-product_sku=\"\" rel=\"nofollow\" class=\"wp-block-button__link wp-element-button add_to_cart_button ajax_add_to_cart\">A\u00f1adir al carrito<\/a><\/div>\n\t\t\t<\/li><li class=\"wc-block-grid__product\">\n\t\t\t\t<a href=\"https:\/\/medicinasupplies.com\/index.php\/producto\/estetoscopio-dual-premium-economico\/\" class=\"wc-block-grid__product-link\">\n\t\t\t\t\t<div class=\"wc-block-grid__product-image\"><img decoding=\"async\" width=\"262\" height=\"262\" src=\"https:\/\/medicinasupplies.com\/wp-content\/uploads\/2022\/11\/Diseno-sin-titulo-2.png\" class=\"attachment-woocommerce_thumbnail size-woocommerce_thumbnail\" alt=\"Estetoscopio Dual Premium Econ\u00f3mico\" \/><\/div>\n\t\t\t\t\t<div class=\"wc-block-grid__product-title\">Estetoscopio Dual Premium Econ\u00f3mico<\/div>\n\t\t\t\t<\/a>\n\t\t\t\t<div class=\"wc-block-grid__product-onsale\">\n\t\t\t<span aria-hidden=\"true\">Oferta<\/span>\n\t\t\t<span class=\"screen-reader-text\">Producto rebajado<\/span>\n\t\t<\/div>\n\t\t\t\t<div class=\"wc-block-grid__product-price price\"><del aria-hidden=\"true\"><span class=\"woocommerce-Price-amount amount\"><span class=\"woocommerce-Price-currencySymbol\">L<\/span>&nbsp;750.00<\/span><\/del> <ins><span class=\"woocommerce-Price-amount amount\"><span class=\"woocommerce-Price-currencySymbol\">L<\/span>&nbsp;500.00<\/span><\/ins><\/div>\n\t\t\t\t\n\t\t\t\t<div class=\"wp-block-button wc-block-grid__product-add-to-cart\"><a href=\"?add-to-cart=1832\" aria-label=\"A\u00f1ade &ldquo;Estetoscopio Dual Premium Econ\u00f3mico&rdquo; a tu carrito\" data-quantity=\"1\" data-product_id=\"1832\" data-product_sku=\"\" rel=\"nofollow\" class=\"wp-block-button__link wp-element-button add_to_cart_button ajax_add_to_cart\">A\u00f1adir al carrito<\/a><\/div>\n\t\t\t<\/li><li class=\"wc-block-grid__product\">\n\t\t\t\t<a href=\"https:\/\/medicinasupplies.com\/index.php\/producto\/littmann-classic-pediatrico-caribbean-blue-stainless\/\" class=\"wc-block-grid__product-link\">\n\t\t\t\t\t<div class=\"wc-block-grid__product-image\"><img decoding=\"async\" width=\"262\" height=\"262\" src=\"https:\/\/medicinasupplies.com\/wp-content\/uploads\/2022\/11\/Diseno-sin-titulo-1.png\" class=\"attachment-woocommerce_thumbnail size-woocommerce_thumbnail\" alt=\"Littmann Classic Pedi\u00e1trico Caribbean Blue Stainless\" \/><\/div>\n\t\t\t\t\t<div class=\"wc-block-grid__product-title\">Littmann Classic Pedi\u00e1trico Caribbean Blue Stainless<\/div>\n\t\t\t\t<\/a>\n\t\t\t\t<div class=\"wc-block-grid__product-onsale\">\n\t\t\t<span aria-hidden=\"true\">Oferta<\/span>\n\t\t\t<span class=\"screen-reader-text\">Producto rebajado<\/span>\n\t\t<\/div>\n\t\t\t\t<div class=\"wc-block-grid__product-price price\"><del aria-hidden=\"true\"><span class=\"woocommerce-Price-amount amount\"><span class=\"woocommerce-Price-currencySymbol\">L<\/span>&nbsp;3,025.00<\/span><\/del> <ins><span class=\"woocommerce-Price-amount amount\"><span class=\"woocommerce-Price-currencySymbol\">L<\/span>&nbsp;2,800.00<\/span><\/ins><\/div>\n\t\t\t\t\n\t\t\t\t<div class=\"wp-block-button wc-block-grid__product-add-to-cart\"><a href=\"?add-to-cart=1830\" aria-label=\"A\u00f1ade &ldquo;Littmann Classic Pedi\u00e1trico Caribbean Blue Stainless&rdquo; a tu carrito\" data-quantity=\"1\" data-product_id=\"1830\" data-product_sku=\"\" rel=\"nofollow\" class=\"wp-block-button__link wp-element-button add_to_cart_button ajax_add_to_cart\">A\u00f1adir al carrito<\/a><\/div>\n\t\t\t<\/li><li class=\"wc-block-grid__product\">\n\t\t\t\t<a href=\"https:\/\/medicinasupplies.com\/index.php\/producto\/monofilamento-medline\/\" class=\"wc-block-grid__product-link\">\n\t\t\t\t\t<div class=\"wc-block-grid__product-image\"><img decoding=\"async\" width=\"262\" height=\"262\" src=\"https:\/\/medicinasupplies.com\/wp-content\/uploads\/2021\/09\/Diseno-sin-titulo-2.jpg\" class=\"attachment-woocommerce_thumbnail size-woocommerce_thumbnail\" alt=\"Monofilamento MEDLINE\" \/><\/div>\n\t\t\t\t\t<div class=\"wc-block-grid__product-title\">Monofilamento MEDLINE<\/div>\n\t\t\t\t<\/a>\n\t\t\t\t<div class=\"wc-block-grid__product-onsale\">\n\t\t\t<span aria-hidden=\"true\">Oferta<\/span>\n\t\t\t<span class=\"screen-reader-text\">Producto rebajado<\/span>\n\t\t<\/div>\n\t\t\t\t<div class=\"wc-block-grid__product-price price\"><del aria-hidden=\"true\"><span class=\"woocommerce-Price-amount amount\"><span class=\"woocommerce-Price-currencySymbol\">L<\/span>&nbsp;220.00<\/span><\/del> <ins><span class=\"woocommerce-Price-amount amount\"><span class=\"woocommerce-Price-currencySymbol\">L<\/span>&nbsp;100.00<\/span><\/ins><\/div>\n\t\t\t\t\n\t\t\t\t<div class=\"wp-block-button wc-block-grid__product-add-to-cart\"><a href=\"?add-to-cart=1612\" aria-label=\"A\u00f1ade &ldquo;Monofilamento MEDLINE&rdquo; a tu carrito\" data-quantity=\"1\" data-product_id=\"1612\" data-product_sku=\"\" rel=\"nofollow\" class=\"wp-block-button__link wp-element-button add_to_cart_button ajax_add_to_cart\">A\u00f1adir al carrito<\/a><\/div>\n\t\t\t<\/li><li class=\"wc-block-grid__product\">\n\t\t\t\t<a href=\"https:\/\/medicinasupplies.com\/index.php\/producto\/almohadilla-de-sutura\/\" class=\"wc-block-grid__product-link\">\n\t\t\t\t\t<div class=\"wc-block-grid__product-image\"><img decoding=\"async\" width=\"262\" height=\"262\" src=\"https:\/\/medicinasupplies.com\/wp-content\/uploads\/2021\/08\/Almohadilla-de-sutura.png\" class=\"attachment-woocommerce_thumbnail size-woocommerce_thumbnail\" alt=\"Almohadilla de Sutura\" \/><\/div>\n\t\t\t\t\t<div class=\"wc-block-grid__product-title\">Almohadilla de Sutura<\/div>\n\t\t\t\t<\/a>\n\t\t\t\t<div class=\"wc-block-grid__product-onsale\">\n\t\t\t<span aria-hidden=\"true\">Oferta<\/span>\n\t\t\t<span class=\"screen-reader-text\">Producto rebajado<\/span>\n\t\t<\/div>\n\t\t\t\t<div class=\"wc-block-grid__product-price price\"><del aria-hidden=\"true\"><span class=\"woocommerce-Price-amount amount\"><span class=\"woocommerce-Price-currencySymbol\">L<\/span>&nbsp;400.00<\/span><\/del> <ins><span class=\"woocommerce-Price-amount amount\"><span class=\"woocommerce-Price-currencySymbol\">L<\/span>&nbsp;200.00<\/span><\/ins><\/div>\n\t\t\t\t\n\t\t\t\t<div class=\"wp-block-button wc-block-grid__product-add-to-cart\"><a href=\"?add-to-cart=1591\" aria-label=\"A\u00f1ade &ldquo;Almohadilla de Sutura&rdquo; a tu carrito\" data-quantity=\"1\" data-product_id=\"1591\" data-product_sku=\"\" rel=\"nofollow\" class=\"wp-block-button__link wp-element-button add_to_cart_button ajax_add_to_cart\">A\u00f1adir al carrito<\/a><\/div>\n\t\t\t<\/li><li class=\"wc-block-grid__product\">\n\t\t\t\t<a href=\"https:\/\/medicinasupplies.com\/index.php\/producto\/torniquete-de-tela\/\" class=\"wc-block-grid__product-link\">\n\t\t\t\t\t<div class=\"wc-block-grid__product-image\"><img decoding=\"async\" width=\"262\" height=\"262\" src=\"https:\/\/medicinasupplies.com\/wp-content\/uploads\/2021\/08\/Diseno-sin-titulo-2-1.jpg\" class=\"attachment-woocommerce_thumbnail size-woocommerce_thumbnail\" alt=\"Torniquete de tela\" \/><\/div>\n\t\t\t\t\t<div class=\"wc-block-grid__product-title\">Torniquete de tela<\/div>\n\t\t\t\t<\/a>\n\t\t\t\t<div class=\"wc-block-grid__product-onsale\">\n\t\t\t<span aria-hidden=\"true\">Oferta<\/span>\n\t\t\t<span class=\"screen-reader-text\">Producto rebajado<\/span>\n\t\t<\/div>\n\t\t\t\t<div class=\"wc-block-grid__product-price price\"><del aria-hidden=\"true\"><span class=\"woocommerce-Price-amount amount\"><span class=\"woocommerce-Price-currencySymbol\">L<\/span>&nbsp;120.00<\/span><\/del> <ins><span class=\"woocommerce-Price-amount amount\"><span class=\"woocommerce-Price-currencySymbol\">L<\/span>&nbsp;80.00<\/span><\/ins><\/div>\n\t\t\t\t\n\t\t\t\t<div class=\"wp-block-button wc-block-grid__product-add-to-cart\"><a href=\"https:\/\/medicinasupplies.com\/index.php\/producto\/torniquete-de-tela\/\" aria-label=\"Elige las opciones para &ldquo;Torniquete de tela&rdquo;\" data-quantity=\"1\" data-product_id=\"1565\" data-product_sku=\"\" rel=\"nofollow\" class=\"wp-block-button__link wp-element-button add_to_cart_button\">Seleccionar opciones<\/a><\/div>\n\t\t\t<\/li><li class=\"wc-block-grid__product\">\n\t\t\t\t<a href=\"https:\/\/medicinasupplies.com\/index.php\/producto\/mascarilla-kn95\/\" class=\"wc-block-grid__product-link\">\n\t\t\t\t\t<div class=\"wc-block-grid__product-image\"><img decoding=\"async\" width=\"262\" height=\"262\" src=\"https:\/\/medicinasupplies.com\/wp-content\/uploads\/2021\/07\/2.jpg\" class=\"attachment-woocommerce_thumbnail size-woocommerce_thumbnail\" alt=\"Mascarilla KN95\" \/><\/div>\n\t\t\t\t\t<div class=\"wc-block-grid__product-title\">Mascarilla KN95<\/div>\n\t\t\t\t<\/a>\n\t\t\t\t<div class=\"wc-block-grid__product-onsale\">\n\t\t\t<span aria-hidden=\"true\">Oferta<\/span>\n\t\t\t<span class=\"screen-reader-text\">Producto rebajado<\/span>\n\t\t<\/div>\n\t\t\t\t<div class=\"wc-block-grid__product-price price\"><del aria-hidden=\"true\"><span class=\"woocommerce-Price-amount amount\"><span class=\"woocommerce-Price-currencySymbol\">L<\/span>&nbsp;15.00<\/span><\/del> <ins><span class=\"woocommerce-Price-amount amount\"><span class=\"woocommerce-Price-currencySymbol\">L<\/span>&nbsp;3.00<\/span><\/ins><\/div>\n\t\t\t\t\n\t\t\t\t<div class=\"wp-block-button wc-block-grid__product-add-to-cart\"><a href=\"?add-to-cart=1532\" aria-label=\"A\u00f1ade &ldquo;Mascarilla KN95&rdquo; a tu carrito\" data-quantity=\"1\" data-product_id=\"1532\" data-product_sku=\"\" rel=\"nofollow\" class=\"wp-block-button__link wp-element-button add_to_cart_button ajax_add_to_cart\">A\u00f1adir al carrito<\/a><\/div>\n\t\t\t<\/li><\/ul><\/div>\n\n\n<div class=\"wp-block-image\"><figure class=\"aligncenter size-large\"><img decoding=\"async\" width=\"2100\" height=\"1181\" src=\"https:\/\/medicinasupplies.com\/wp-content\/uploads\/2021\/01\/Mapa-Laptop.jpg\" alt=\"\" class=\"wp-image-1237\"\/><figcaption>Distribuidores de equipos y accesorios m\u00e9dicos, env\u00edos a nivel nacional. #HN504<\/figcaption><\/figure><\/div>\n","protected":false},"excerpt":{"rendered":"<p>Nuevos productos<\/p>\n","protected":false},"author":1,"featured_media":1234,"parent":0,"menu_order":0,"comment_status":"closed","ping_status":"closed","template":"","meta":{"footnotes":"","_joinchat":[]},"jetpack_sharing_enabled":true,"_links":{"self":[{"href":"https:\/\/medicinasupplies.com\/index.php\/wp-json\/wp\/v2\/pages\/197"}],"collection":[{"href":"https:\/\/medicinasupplies.com\/index.php\/wp-json\/wp\/v2\/pages"}],"about":[{"href":"https:\/\/medicinasupplies.com\/index.php\/wp-json\/wp\/v2\/types\/page"}],"author":[{"embeddable":true,"href":"https:\/\/medicinasupplies.com\/index.php\/wp-json\/wp\/v2\/users\/1"}],"replies":[{"embeddable":true,"href":"https:\/\/medicinasupplies.com\/index.php\/wp-json\/wp\/v2\/comments?post=197"}],"version-history":[{"count":5,"href":"https:\/\/medicinasupplies.com\/index.php\/wp-json\/wp\/v2\/pages\/197\/revisions"}],"predecessor-version":[{"id":1241,"href":"https:\/\/medicinasupplies.com\/index.php\/wp-json\/wp\/v2\/pages\/197\/revisions\/1241"}],"wp:featuredmedia":[{"embeddable":true,"href":"https:\/\/medicinasupplies.com\/index.php\/wp-json\/wp\/v2\/media\/1234"}],"wp:attachment":[{"href":"https:\/\/medicinasupplies.com\/index.php\/wp-json\/wp\/v2\/media?parent=197"}],"curies":[{"name":"wp","href":"https:\/\/api.w.org\/{rel}","templated":true}]}}